{"id":9780,"date":"2023-04-20T15:34:06","date_gmt":"2023-04-20T13:34:06","guid":{"rendered":"http:\/\/pugliaparadise.com\/cancellation-policy\/"},"modified":"2026-01-29T18:00:20","modified_gmt":"2026-01-29T17:00:20","slug":"condizioni-di-cancellazione","status":"publish","type":"page","link":"https:\/\/pugliaparadise.com\/it\/condizioni-di-cancellazione\/","title":{"rendered":"Condizioni di cancellazione"},"content":{"rendered":"\t\t<div data-elementor-type=\"wp-page\" data-elementor-id=\"9780\" class=\"elementor elementor-9780 elementor-794\" data-elementor-post-type=\"page\">\n\t\t\t\t<div class=\"elementor-element elementor-element-e83b91e e-flex e-con-boxed e-con e-parent\" data-id=\"e83b91e\" data-element_type=\"container\" data-e-type=\"container\">\n\t\t\t\t\t<div class=\"e-con-inner\">\n\t\t\t\t<div data-dce-title-color=\"#000000\" class=\"elementor-element elementor-element-7047f39 elementor-widget__width-inherit elementor-widget-mobile__width-inherit elementor-widget elementor-widget-heading\" data-id=\"7047f39\" data-element_type=\"widget\" data-e-type=\"widget\" data-widget_type=\"heading.default\">\n\t\t\t\t<div class=\"elementor-widget-container\">\n\t\t\t\t\t<div class=\"elementor-heading-title elementor-size-default\">Condizioni di cancellazione<\/div>\t\t\t\t<\/div>\n\t\t\t\t<\/div>\n\t\t\t\t<div class=\"elementor-element elementor-element-6fa479e elementor-widget elementor-widget-text-editor\" data-id=\"6fa479e\" data-element_type=\"widget\" data-e-type=\"widget\" data-widget_type=\"text-editor.default\">\n\t\t\t\t<div class=\"elementor-widget-container\">\n\t\t\t\t\t\t\t\t\t<p>Siamo consapevoli dell&#8217;importanza della flessibilit\u00e0 nella pianificazione delle tue vacanze, ed \u00e8 per questo che abbiamo creato condizioni di cancellazione pensate su misura per te.<\/p><p>Hai la libert\u00e0 di cancellare la prenotazione di una delle nostre ville gratuitamente fino a 30 giorni prima del tuo arrivo, indipendentemente dal motivo. Tuttavia, nei 30 giorni precedenti all&#8217;arrivo, sar\u00e0 applicato un costo di cancellazione pari al 100% del prezzo totale.<\/p><p>Per quanto riguarda le cancellazioni effettuate entro i termini della cancellazione gratuita, puoi contare su di noi per il rimborso entro un massimo di 10 giorni. In ogni caso, non emetteremo un voucher a meno che tu non lo richieda personalmente.<\/p>\t\t\t\t\t\t\t\t<\/div>\n\t\t\t\t<\/div>\n\t\t\t\t<div class=\"elementor-element elementor-element-9747bf1 elementor-widget elementor-widget-heading\" data-id=\"9747bf1\" data-element_type=\"widget\" data-e-type=\"widget\" data-widget_type=\"heading.default\">\n\t\t\t\t<div class=\"elementor-widget-container\">\n\t\t\t\t\t<div class=\"elementor-heading-title elementor-size-default\">Hai qualche domanda sulle nostre condizioni di cancellazione?<br><\/div>\t\t\t\t<\/div>\n\t\t\t\t<\/div>\n\t\t\t\t<div data-dce-background-color=\"#FFFFFF00\" class=\"elementor-element elementor-element-9ce40ac elementor-mobile-align-justify elementor-widget elementor-widget-button\" data-id=\"9ce40ac\" data-element_type=\"widget\" data-e-type=\"widget\" data-widget_type=\"button.default\">\n\t\t\t\t<div class=\"elementor-widget-container\">\n\t\t\t\t\t\t\t\t\t<div class=\"elementor-button-wrapper\">\n\t\t\t\t\t<a class=\"elementor-button elementor-button-link elementor-size-sm\" href=\"https:\/\/pugliaparadise.com\/it\/contattaci\/\">\n\t\t\t\t\t\t<span class=\"elementor-button-content-wrapper\">\n\t\t\t\t\t\t\t\t\t<span class=\"elementor-button-text\">CONTATTACI<\/span>\n\t\t\t\t\t<\/span>\n\t\t\t\t\t<\/a>\n\t\t\t\t<\/div>\n\t\t\t\t\t\t\t\t<\/div>\n\t\t\t\t<\/div>\n\t\t\t\t\t<\/div>\n\t\t\t\t<\/div>\n\t\t\t\t<\/div>\n\t\t","protected":false},"excerpt":{"rendered":"<p>Siamo consapevoli dell&#8217;importanza della flessibilit\u00e0 nella pianificazione delle tue vacanze, ed \u00e8 per questo che abbiamo creato condizioni di cancellazione pensate su misura per te. Hai la libert\u00e0 di cancellare la prenotazione di una delle nostre ville gratuitamente fino a 30 giorni prima del tuo arrivo, indipendentemente dal motivo. Tuttavia, nei 30 giorni precedenti all&#8217;arrivo, [&hellip;]<\/p>\n","protected":false},"author":1,"featured_media":0,"parent":0,"menu_order":0,"comment_status":"closed","ping_status":"closed","template":"","meta":{"_acf_changed":false,"footnotes":""},"class_list":["post-9780","page","type-page","status-publish","hentry"],"acf":[],"yoast_head":"<!-- This site is optimized with the Yoast SEO Premium plugin v27.2 (Yoast SEO v27.2) - https:\/\/yoast.com\/product\/yoast-seo-premium-wordpress\/ -->\n<title>Politica di Cancellazione - Massima Flessibilit\u00e0 per il Tuo Soggiorno<\/title>\n<meta name=\"description\" content=\"Consulta le nostre condizioni di cancellazione, pensate per offrirti flessibilit\u00e0 e serenit\u00e0 durante la pianificazione del tuo soggiorno.\" \/>\n<meta name=\"robots\" content=\"noindex, nofollow\" \/>\n<meta property=\"og:locale\" content=\"it_IT\" \/>\n<meta property=\"og:type\" content=\"article\" \/>\n<meta property=\"og:title\" content=\"Condizioni di cancellazione\" \/>\n<meta property=\"og:description\" content=\"Consulta le nostre condizioni di cancellazione, pensate per offrirti flessibilit\u00e0 e serenit\u00e0 durante la pianificazione del tuo soggiorno.\" \/>\n<meta property=\"og:url\" content=\"https:\/\/pugliaparadise.com\/it\/condizioni-di-cancellazione\/\" \/>\n<meta property=\"og:site_name\" content=\"Puglia Paradise\" \/>\n<meta property=\"article:publisher\" content=\"https:\/\/www.facebook.com\/PugliaParadise\/\" \/>\n<meta property=\"article:modified_time\" content=\"2026-01-29T17:00:20+00:00\" \/>\n<meta property=\"og:image\" content=\"https:\/\/pugliaparadise.com\/wp-content\/uploads\/2026\/01\/logo-puglia-paradise-social.png\" \/>\n\t<meta property=\"og:image:width\" content=\"1024\" \/>\n\t<meta property=\"og:image:height\" content=\"475\" \/>\n\t<meta property=\"og:image:type\" content=\"image\/png\" \/>\n<meta name=\"twitter:card\" content=\"summary_large_image\" \/>\n<meta name=\"twitter:label1\" content=\"Tempo di lettura stimato\" \/>\n\t<meta name=\"twitter:data1\" content=\"1 minuto\" \/>\n<script type=\"application\/ld+json\" class=\"yoast-schema-graph\">{\"@context\":\"https:\/\/schema.org\",\"@graph\":[{\"@type\":\"WebPage\",\"@id\":\"https:\/\/pugliaparadise.com\/it\/condizioni-di-cancellazione\/\",\"url\":\"https:\/\/pugliaparadise.com\/it\/condizioni-di-cancellazione\/\",\"name\":\"Politica di Cancellazione - Massima Flessibilit\u00e0 per il Tuo Soggiorno\",\"isPartOf\":{\"@id\":\"https:\/\/pugliaparadise.com\/it\/#website\"},\"datePublished\":\"2023-04-20T13:34:06+00:00\",\"dateModified\":\"2026-01-29T17:00:20+00:00\",\"description\":\"Consulta le nostre condizioni di cancellazione, pensate per offrirti flessibilit\u00e0 e serenit\u00e0 durante la pianificazione del tuo soggiorno.\",\"breadcrumb\":{\"@id\":\"https:\/\/pugliaparadise.com\/it\/condizioni-di-cancellazione\/#breadcrumb\"},\"inLanguage\":\"it-IT\",\"potentialAction\":[{\"@type\":\"ReadAction\",\"target\":[\"https:\/\/pugliaparadise.com\/it\/condizioni-di-cancellazione\/\"]}]},{\"@type\":\"BreadcrumbList\",\"@id\":\"https:\/\/pugliaparadise.com\/it\/condizioni-di-cancellazione\/#breadcrumb\",\"itemListElement\":[{\"@type\":\"ListItem\",\"position\":1,\"name\":\"Home\",\"item\":\"https:\/\/pugliaparadise.com\/it\/\"},{\"@type\":\"ListItem\",\"position\":2,\"name\":\"Condizioni di cancellazione\"}]},{\"@type\":\"WebSite\",\"@id\":\"https:\/\/pugliaparadise.com\/it\/#website\",\"url\":\"https:\/\/pugliaparadise.com\/it\/\",\"name\":\"Puglia Paradise\",\"description\":\"Luxury Villas in Puglia\",\"publisher\":{\"@id\":\"https:\/\/pugliaparadise.com\/it\/#organization\"},\"alternateName\":\"Puglia Paradise\",\"potentialAction\":[{\"@type\":\"SearchAction\",\"target\":{\"@type\":\"EntryPoint\",\"urlTemplate\":\"https:\/\/pugliaparadise.com\/it\/?s={search_term_string}\"},\"query-input\":{\"@type\":\"PropertyValueSpecification\",\"valueRequired\":true,\"valueName\":\"search_term_string\"}}],\"inLanguage\":\"it-IT\"},{\"@type\":[\"Organization\",\"Place\"],\"@id\":\"https:\/\/pugliaparadise.com\/it\/#organization\",\"name\":\"Puglia Paradise\",\"alternateName\":\"pugliaparadise\",\"url\":\"https:\/\/pugliaparadise.com\/it\/\",\"logo\":{\"@id\":\"https:\/\/pugliaparadise.com\/it\/condizioni-di-cancellazione\/#local-main-organization-logo\"},\"image\":{\"@id\":\"https:\/\/pugliaparadise.com\/it\/condizioni-di-cancellazione\/#local-main-organization-logo\"},\"sameAs\":[\"https:\/\/www.facebook.com\/PugliaParadise\/\",\"https:\/\/www.instagram.com\/puglia.paradise\/\",\"https:\/\/www.youtube.com\/channel\/UCsNjH9N34_20Nvo1DJ0FH9w\",\"https:\/\/www.pinterest.it\/puglia_paradise\/\"],\"foundingDate\":\"2016-12-16\",\"numberOfEmployees\":{\"@type\":\"QuantitativeValue\",\"minValue\":\"11\",\"maxValue\":\"50\"},\"telephone\":[\"+39 3335683861\"],\"contactPoint\":{\"@type\":\"ContactPoint\",\"telephone\":\"+39 3335683861\",\"email\":\"info@pugliaparadise.com\"},\"openingHoursSpecification\":[{\"@type\":\"OpeningHoursSpecification\",\"dayOfWeek\":[\"Monday\",\"Tuesday\",\"Wednesday\",\"Thursday\",\"Friday\",\"Saturday\",\"Sunday\"],\"opens\":\"09:00\",\"closes\":\"17:00\"}],\"email\":\"info@pugliaparadise.com\",\"vatID\":\"11621800967\",\"taxID\":\"11621800967\"},{\"@type\":\"ImageObject\",\"inLanguage\":\"it-IT\",\"@id\":\"https:\/\/pugliaparadise.com\/it\/condizioni-di-cancellazione\/#local-main-organization-logo\",\"url\":\"https:\/\/pugliaparadise.com\/wp-content\/uploads\/2023\/04\/logo-social-100.webp\",\"contentUrl\":\"https:\/\/pugliaparadise.com\/wp-content\/uploads\/2023\/04\/logo-social-100.webp\",\"width\":1200,\"height\":676,\"caption\":\"Puglia Paradise\"}]}<\/script>\n<meta name=\"geo.region\" content=\"Italia\" \/>\n<!-- \/ Yoast SEO Premium plugin. -->","yoast_head_json":{"title":"Politica di Cancellazione - Massima Flessibilit\u00e0 per il Tuo Soggiorno","description":"Consulta le nostre condizioni di cancellazione, pensate per offrirti flessibilit\u00e0 e serenit\u00e0 durante la pianificazione del tuo soggiorno.","robots":{"index":"noindex","follow":"nofollow"},"og_locale":"it_IT","og_type":"article","og_title":"Condizioni di cancellazione","og_description":"Consulta le nostre condizioni di cancellazione, pensate per offrirti flessibilit\u00e0 e serenit\u00e0 durante la pianificazione del tuo soggiorno.","og_url":"https:\/\/pugliaparadise.com\/it\/condizioni-di-cancellazione\/","og_site_name":"Puglia Paradise","article_publisher":"https:\/\/www.facebook.com\/PugliaParadise\/","article_modified_time":"2026-01-29T17:00:20+00:00","og_image":[{"width":1024,"height":475,"url":"https:\/\/pugliaparadise.com\/wp-content\/uploads\/2026\/01\/logo-puglia-paradise-social.png","type":"image\/png"}],"twitter_card":"summary_large_image","twitter_misc":{"Tempo di lettura stimato":"1 minuto"},"schema":{"@context":"https:\/\/schema.org","@graph":[{"@type":"WebPage","@id":"https:\/\/pugliaparadise.com\/it\/condizioni-di-cancellazione\/","url":"https:\/\/pugliaparadise.com\/it\/condizioni-di-cancellazione\/","name":"Politica di Cancellazione - Massima Flessibilit\u00e0 per il Tuo Soggiorno","isPartOf":{"@id":"https:\/\/pugliaparadise.com\/it\/#website"},"datePublished":"2023-04-20T13:34:06+00:00","dateModified":"2026-01-29T17:00:20+00:00","description":"Consulta le nostre condizioni di cancellazione, pensate per offrirti flessibilit\u00e0 e serenit\u00e0 durante la pianificazione del tuo soggiorno.","breadcrumb":{"@id":"https:\/\/pugliaparadise.com\/it\/condizioni-di-cancellazione\/#breadcrumb"},"inLanguage":"it-IT","potentialAction":[{"@type":"ReadAction","target":["https:\/\/pugliaparadise.com\/it\/condizioni-di-cancellazione\/"]}]},{"@type":"BreadcrumbList","@id":"https:\/\/pugliaparadise.com\/it\/condizioni-di-cancellazione\/#breadcrumb","itemListElement":[{"@type":"ListItem","position":1,"name":"Home","item":"https:\/\/pugliaparadise.com\/it\/"},{"@type":"ListItem","position":2,"name":"Condizioni di cancellazione"}]},{"@type":"WebSite","@id":"https:\/\/pugliaparadise.com\/it\/#website","url":"https:\/\/pugliaparadise.com\/it\/","name":"Puglia Paradise","description":"Luxury Villas in Puglia","publisher":{"@id":"https:\/\/pugliaparadise.com\/it\/#organization"},"alternateName":"Puglia Paradise","potentialAction":[{"@type":"SearchAction","target":{"@type":"EntryPoint","urlTemplate":"https:\/\/pugliaparadise.com\/it\/?s={search_term_string}"},"query-input":{"@type":"PropertyValueSpecification","valueRequired":true,"valueName":"search_term_string"}}],"inLanguage":"it-IT"},{"@type":["Organization","Place"],"@id":"https:\/\/pugliaparadise.com\/it\/#organization","name":"Puglia Paradise","alternateName":"pugliaparadise","url":"https:\/\/pugliaparadise.com\/it\/","logo":{"@id":"https:\/\/pugliaparadise.com\/it\/condizioni-di-cancellazione\/#local-main-organization-logo"},"image":{"@id":"https:\/\/pugliaparadise.com\/it\/condizioni-di-cancellazione\/#local-main-organization-logo"},"sameAs":["https:\/\/www.facebook.com\/PugliaParadise\/","https:\/\/www.instagram.com\/puglia.paradise\/","https:\/\/www.youtube.com\/channel\/UCsNjH9N34_20Nvo1DJ0FH9w","https:\/\/www.pinterest.it\/puglia_paradise\/"],"foundingDate":"2016-12-16","numberOfEmployees":{"@type":"QuantitativeValue","minValue":"11","maxValue":"50"},"telephone":["+39 3335683861"],"contactPoint":{"@type":"ContactPoint","telephone":"+39 3335683861","email":"info@pugliaparadise.com"},"openingHoursSpecification":[{"@type":"OpeningHoursSpecification","dayOfWeek":["Monday","Tuesday","Wednesday","Thursday","Friday","Saturday","Sunday"],"opens":"09:00","closes":"17:00"}],"email":"info@pugliaparadise.com","vatID":"11621800967","taxID":"11621800967"},{"@type":"ImageObject","inLanguage":"it-IT","@id":"https:\/\/pugliaparadise.com\/it\/condizioni-di-cancellazione\/#local-main-organization-logo","url":"https:\/\/pugliaparadise.com\/wp-content\/uploads\/2023\/04\/logo-social-100.webp","contentUrl":"https:\/\/pugliaparadise.com\/wp-content\/uploads\/2023\/04\/logo-social-100.webp","width":1200,"height":676,"caption":"Puglia Paradise"}]},"geo.region":"Italia"},"_links":{"self":[{"href":"https:\/\/pugliaparadise.com\/it\/wp-json\/wp\/v2\/pages\/9780","targetHints":{"allow":["GET"]}}],"collection":[{"href":"https:\/\/pugliaparadise.com\/it\/wp-json\/wp\/v2\/pages"}],"about":[{"href":"https:\/\/pugliaparadise.com\/it\/wp-json\/wp\/v2\/types\/page"}],"author":[{"embeddable":true,"href":"https:\/\/pugliaparadise.com\/it\/wp-json\/wp\/v2\/users\/1"}],"replies":[{"embeddable":true,"href":"https:\/\/pugliaparadise.com\/it\/wp-json\/wp\/v2\/comments?post=9780"}],"version-history":[{"count":0,"href":"https:\/\/pugliaparadise.com\/it\/wp-json\/wp\/v2\/pages\/9780\/revisions"}],"wp:attachment":[{"href":"https:\/\/pugliaparadise.com\/it\/wp-json\/wp\/v2\/media?parent=9780"}],"curies":[{"name":"wp","href":"https:\/\/api.w.org\/{rel}","templated":true}]}}